{"id":542,"date":"2025-12-27T11:49:35","date_gmt":"2025-12-27T10:49:35","guid":{"rendered":"https:\/\/www.scienzaludica.ibe.cnr.it\/?page_id=542"},"modified":"2025-12-27T11:57:32","modified_gmt":"2025-12-27T10:57:32","slug":"lente-dingrandimento","status":"publish","type":"page","link":"https:\/\/www.scienzaludica.it\/index.php\/lente-dingrandimento\/","title":{"rendered":"Lente d&#8217;ingrandimento"},"content":{"rendered":"\n<p>25 cm \u00e8 la distanza minima di messa a fuoco, quella cio\u00e8 per cui si ha il massimo ingrandimento ad occhio nudo.<\/p>\n\n\n\n<p>f (in cm) \u00e8 la distanza focale della lente, quella alla quale si pu\u00f2 avvicinare l&#8217;oggetto mantenendo il cristallino rilassato, accomodato per la visione all&#8217;infinito.<\/p>\n\n\n\n<figure class=\"wp-block-image aligncenter size-full\"><img loading=\"lazy\" decoding=\"async\" width=\"420\" height=\"465\" src=\"https:\/\/www.scienzaludica.it\/wp-content\/uploads\/2025\/12\/lens0ITA_ridotta.jpg\" alt=\"\" class=\"wp-image-531\" srcset=\"https:\/\/www.scienzaludica.it\/wp-content\/uploads\/2025\/12\/lens0ITA_ridotta.jpg 420w, https:\/\/www.scienzaludica.it\/wp-content\/uploads\/2025\/12\/lens0ITA_ridotta-271x300.jpg 271w\" sizes=\"auto, (max-width: 420px) 100vw, 420px\" \/><\/figure>\n\n\n\n<p>Sequenza di montaggio.<\/p>\n\n\n\n<p>La lente in plastica ed il supporto di interfaccia meccanica possono essere richieste scrivendo a Bruno Tiribilli (mail in <a href=\"https:\/\/www.scienzaludica.it\/index.php\/2025\/11\/12\/contatti\/\" data-type=\"post\" data-id=\"22\">Contatti<\/a>).<\/p>\n\n\n\n<figure class=\"wp-block-image aligncenter size-full\"><img loading=\"lazy\" decoding=\"async\" width=\"600\" height=\"499\" src=\"https:\/\/www.scienzaludica.it\/wp-content\/uploads\/2025\/12\/lens1ITA.jpg\" alt=\"\" class=\"wp-image-533\" srcset=\"https:\/\/www.scienzaludica.it\/wp-content\/uploads\/2025\/12\/lens1ITA.jpg 600w, https:\/\/www.scienzaludica.it\/wp-content\/uploads\/2025\/12\/lens1ITA-300x250.jpg 300w\" sizes=\"auto, (max-width: 600px) 100vw, 600px\" \/><\/figure>\n\n\n\n<figure class=\"wp-block-image aligncenter size-full\"><img loading=\"lazy\" decoding=\"async\" width=\"600\" height=\"238\" src=\"https:\/\/www.scienzaludica.it\/wp-content\/uploads\/2025\/12\/lens2.jpg\" alt=\"\" class=\"wp-image-534\" srcset=\"https:\/\/www.scienzaludica.it\/wp-content\/uploads\/2025\/12\/lens2.jpg 600w, https:\/\/www.scienzaludica.it\/wp-content\/uploads\/2025\/12\/lens2-300x119.jpg 300w\" sizes=\"auto, (max-width: 600px) 100vw, 600px\" \/><\/figure>\n\n\n\n<figure class=\"wp-block-image aligncenter size-full\"><img loading=\"lazy\" decoding=\"async\" width=\"600\" height=\"298\" src=\"https:\/\/www.scienzaludica.it\/wp-content\/uploads\/2025\/12\/lens3.jpg\" alt=\"\" class=\"wp-image-535\" srcset=\"https:\/\/www.scienzaludica.it\/wp-content\/uploads\/2025\/12\/lens3.jpg 600w, https:\/\/www.scienzaludica.it\/wp-content\/uploads\/2025\/12\/lens3-300x149.jpg 300w\" sizes=\"auto, (max-width: 600px) 100vw, 600px\" \/><\/figure>\n\n\n\n<figure class=\"wp-block-image aligncenter size-full\"><img loading=\"lazy\" decoding=\"async\" width=\"600\" height=\"393\" src=\"https:\/\/www.scienzaludica.it\/wp-content\/uploads\/2025\/12\/lens4.jpg\" alt=\"\" class=\"wp-image-536\" srcset=\"https:\/\/www.scienzaludica.it\/wp-content\/uploads\/2025\/12\/lens4.jpg 600w, https:\/\/www.scienzaludica.it\/wp-content\/uploads\/2025\/12\/lens4-300x197.jpg 300w\" sizes=\"auto, (max-width: 600px) 100vw, 600px\" \/><\/figure>\n\n\n\n<figure class=\"wp-block-image aligncenter size-full\"><img loading=\"lazy\" decoding=\"async\" width=\"600\" height=\"419\" src=\"https:\/\/www.scienzaludica.it\/wp-content\/uploads\/2025\/12\/lens5.jpg\" alt=\"\" class=\"wp-image-537\" srcset=\"https:\/\/www.scienzaludica.it\/wp-content\/uploads\/2025\/12\/lens5.jpg 600w, https:\/\/www.scienzaludica.it\/wp-content\/uploads\/2025\/12\/lens5-300x210.jpg 300w\" sizes=\"auto, (max-width: 600px) 100vw, 600px\" \/><\/figure>\n\n\n\n<figure class=\"wp-block-image aligncenter size-full\"><img loading=\"lazy\" decoding=\"async\" width=\"600\" height=\"423\" src=\"https:\/\/www.scienzaludica.it\/wp-content\/uploads\/2025\/12\/lens6.jpg\" alt=\"\" class=\"wp-image-538\" srcset=\"https:\/\/www.scienzaludica.it\/wp-content\/uploads\/2025\/12\/lens6.jpg 600w, https:\/\/www.scienzaludica.it\/wp-content\/uploads\/2025\/12\/lens6-300x212.jpg 300w\" sizes=\"auto, (max-width: 600px) 100vw, 600px\" \/><\/figure>\n\n\n\n<figure class=\"wp-block-image aligncenter size-full\"><img loading=\"lazy\" decoding=\"async\" width=\"600\" height=\"363\" src=\"https:\/\/www.scienzaludica.it\/wp-content\/uploads\/2025\/12\/lens7.jpg\" alt=\"\" class=\"wp-image-539\" srcset=\"https:\/\/www.scienzaludica.it\/wp-content\/uploads\/2025\/12\/lens7.jpg 600w, https:\/\/www.scienzaludica.it\/wp-content\/uploads\/2025\/12\/lens7-300x182.jpg 300w\" sizes=\"auto, (max-width: 600px) 100vw, 600px\" \/><\/figure>\n\n\n\n<figure class=\"wp-block-image aligncenter size-full\"><img loading=\"lazy\" decoding=\"async\" width=\"600\" height=\"433\" src=\"https:\/\/www.scienzaludica.it\/wp-content\/uploads\/2025\/12\/lens8.jpg\" alt=\"\" class=\"wp-image-540\" srcset=\"https:\/\/www.scienzaludica.it\/wp-content\/uploads\/2025\/12\/lens8.jpg 600w, https:\/\/www.scienzaludica.it\/wp-content\/uploads\/2025\/12\/lens8-300x217.jpg 300w\" sizes=\"auto, (max-width: 600px) 100vw, 600px\" \/><\/figure>\n\n\n\n<figure class=\"wp-block-image aligncenter size-full\"><img loading=\"lazy\" decoding=\"async\" width=\"600\" height=\"398\" src=\"https:\/\/www.scienzaludica.it\/wp-content\/uploads\/2025\/12\/lens9.jpg\" alt=\"\" class=\"wp-image-541\" srcset=\"https:\/\/www.scienzaludica.it\/wp-content\/uploads\/2025\/12\/lens9.jpg 600w, https:\/\/www.scienzaludica.it\/wp-content\/uploads\/2025\/12\/lens9-300x199.jpg 300w\" sizes=\"auto, (max-width: 600px) 100vw, 600px\" \/><\/figure>\n\n\n\n<p><\/p>\n","protected":false},"excerpt":{"rendered":"<p>25 cm \u00e8 la distanza minima di messa a fuoco, quella cio\u00e8 per cui si ha il massimo ingrandimento ad occhio nudo. f (in cm) \u00e8 la distanza focale della lente, quella alla quale si pu\u00f2 avvicinare l&#8217;oggetto mantenendo il cristallino rilassato, accomodato per la visione all&#8217;infinito. Sequenza di montaggio. La lente in plastica ed [&hellip;]<\/p>\n","protected":false},"author":3,"featured_media":535,"parent":0,"menu_order":0,"comment_status":"closed","ping_status":"closed","template":"","meta":{"footnotes":""},"class_list":["post-542","page","type-page","status-publish","has-post-thumbnail","hentry"],"_links":{"self":[{"href":"https:\/\/www.scienzaludica.it\/index.php\/wp-json\/wp\/v2\/pages\/542","targetHints":{"allow":["GET"]}}],"collection":[{"href":"https:\/\/www.scienzaludica.it\/index.php\/wp-json\/wp\/v2\/pages"}],"about":[{"href":"https:\/\/www.scienzaludica.it\/index.php\/wp-json\/wp\/v2\/types\/page"}],"author":[{"embeddable":true,"href":"https:\/\/www.scienzaludica.it\/index.php\/wp-json\/wp\/v2\/users\/3"}],"replies":[{"embeddable":true,"href":"https:\/\/www.scienzaludica.it\/index.php\/wp-json\/wp\/v2\/comments?post=542"}],"version-history":[{"count":2,"href":"https:\/\/www.scienzaludica.it\/index.php\/wp-json\/wp\/v2\/pages\/542\/revisions"}],"predecessor-version":[{"id":547,"href":"https:\/\/www.scienzaludica.it\/index.php\/wp-json\/wp\/v2\/pages\/542\/revisions\/547"}],"wp:featuredmedia":[{"embeddable":true,"href":"https:\/\/www.scienzaludica.it\/index.php\/wp-json\/wp\/v2\/media\/535"}],"wp:attachment":[{"href":"https:\/\/www.scienzaludica.it\/index.php\/wp-json\/wp\/v2\/media?parent=542"}],"curies":[{"name":"wp","href":"https:\/\/api.w.org\/{rel}","templated":true}]}}