{"id":518,"date":"2025-12-27T11:18:48","date_gmt":"2025-12-27T10:18:48","guid":{"rendered":"https:\/\/www.scienzaludica.ibe.cnr.it\/?page_id=518"},"modified":"2025-12-27T11:31:20","modified_gmt":"2025-12-27T10:31:20","slug":"telemetro","status":"publish","type":"page","link":"https:\/\/www.scienzaludica.it\/index.php\/telemetro\/","title":{"rendered":"Telemetro"},"content":{"rendered":"\n<div class=\"wp-block-columns is-layout-flex wp-container-core-columns-is-layout-28f84493 wp-block-columns-is-layout-flex\">\n<div class=\"wp-block-column is-layout-flow wp-block-column-is-layout-flow\" style=\"flex-basis:100%\">\n<p>E&#8217; possibile misurare la distanza che ci separa da un oggetto anche se non possiamo raggiungerlo. Basta servirsi delle leggi della riflessione e di un po&#8217; di geometria. Se si guarda un oggetto distante alcuni metri, come un palo od un albero, contemporaneamente da due punti diversi (A e B), conoscendo la distanza (L) tra i due punti e l&#8217;angolo tra le due direzioni di osservazione \u03b1, \u00e8 possibile calcolare quanto \u00e8 lontano l&#8217;oggetto.<\/p>\n\n\n\n<p>In figura \u00e8\u00a0 illustrata la geometria del problema. Il lato AB \u00e8 accessibile all&#8217;osservatore e la sua lunghezza L pu\u00f2 essere facilmente misurata. Inoltre AB \u00e8 perpendicolare al lato OB\u00a0 di cui si vuole misurare la lunghezza. Se si determina l&#8217;angolo \u03b1 il triangolo AOB risulta definito e tutti gli altri elementi del triangolo possono essere calcolati:<br>    \u2022 con semplici formule di trigonometria (d=L\/tan \u03b1)<br>\u00a0oppure<br>    \u2022 servendosi di un disegno fatto in scala.<br>Per osservare contemporaneamente l&#8217;oggetto O da due direzioni diverse ci si serve di due specchi: il primo specchio \u00e8 fisso (in B) e devia di 90\u00b0 la met\u00e0 inferiore del campo di vista in direzione del secondo specchio (in A). Quest&#8217;ultimo \u00e8 posto ad una distanza fissa ma pu\u00f2 girare liberamente intorno a un asse verticale. L&#8217;osservatore vede direttamente l&#8217;oggetto al di sopra del primo specchio e allo stesso tempo, nella parte inferiore, vede ci\u00f2 che sta puntando per mezzo delle due riflessioni sugli specchi. Si deve quindi ruotare con cura lo specchio mobile fino a fare comparire l&#8217;oggetto di cui si vuole misurare la distanza e fare corrispondere esattamente le due parti dell&#8217;immagine come illustrato nella figura a lato. In queste condizioni un indice collegato allo specchio mobile consente la lettura dell&#8217;angolo\u03b1 da cui si ricaver\u00e0 la distanza.<\/p>\n<\/div>\n<\/div>\n\n\n\n<div class=\"wp-block-columns is-layout-flex wp-container-core-columns-is-layout-28f84493 wp-block-columns-is-layout-flex\">\n<div class=\"wp-block-column is-layout-flow wp-block-column-is-layout-flow\" style=\"flex-basis:100%\">\n<figure class=\"wp-block-image size-full\"><img loading=\"lazy\" decoding=\"async\" width=\"280\" height=\"590\" src=\"https:\/\/www.scienzaludica.it\/wp-content\/uploads\/2025\/12\/telemetro1.jpg\" alt=\"\" class=\"wp-image-519\" srcset=\"https:\/\/www.scienzaludica.it\/wp-content\/uploads\/2025\/12\/telemetro1.jpg 280w, https:\/\/www.scienzaludica.it\/wp-content\/uploads\/2025\/12\/telemetro1-142x300.jpg 142w\" sizes=\"auto, (max-width: 280px) 100vw, 280px\" \/><\/figure>\n<\/div>\n<\/div>\n\n\n\n<p>Di solito sulla scala del telemetro sono riportate direttamente le distanze. Quando l&#8217;indice \u00e8 sulla posizione di riferimento (\u03b1 =0) lo specchio mobile e quello fisso devono essere paralleli. Prima di procedere alla misura si pu\u00f2 verificare questa condizione osservando un oggetto molto lontano.<\/p>\n\n\n\n<p>Scarica le istruzioni di montaggio in formato pdf:\u00a0<a href=\"https:\/\/www.scienzaludica.it\/wp-content\/uploads\/2025\/12\/telemetro.pdf\">scarica file<\/a> ( pdf 1.2 Mb)<\/p>\n","protected":false},"excerpt":{"rendered":"<p>E&#8217; possibile misurare la distanza che ci separa da un oggetto anche se non possiamo raggiungerlo. Basta servirsi delle leggi della riflessione e di un po&#8217; di geometria. Se si guarda un oggetto distante alcuni metri, come un palo od un albero, contemporaneamente da due punti diversi (A e B), conoscendo la distanza (L) tra [&hellip;]<\/p>\n","protected":false},"author":3,"featured_media":520,"parent":0,"menu_order":0,"comment_status":"closed","ping_status":"closed","template":"","meta":{"footnotes":""},"class_list":["post-518","page","type-page","status-publish","has-post-thumbnail","hentry"],"_links":{"self":[{"href":"https:\/\/www.scienzaludica.it\/index.php\/wp-json\/wp\/v2\/pages\/518","targetHints":{"allow":["GET"]}}],"collection":[{"href":"https:\/\/www.scienzaludica.it\/index.php\/wp-json\/wp\/v2\/pages"}],"about":[{"href":"https:\/\/www.scienzaludica.it\/index.php\/wp-json\/wp\/v2\/types\/page"}],"author":[{"embeddable":true,"href":"https:\/\/www.scienzaludica.it\/index.php\/wp-json\/wp\/v2\/users\/3"}],"replies":[{"embeddable":true,"href":"https:\/\/www.scienzaludica.it\/index.php\/wp-json\/wp\/v2\/comments?post=518"}],"version-history":[{"count":5,"href":"https:\/\/www.scienzaludica.it\/index.php\/wp-json\/wp\/v2\/pages\/518\/revisions"}],"predecessor-version":[{"id":529,"href":"https:\/\/www.scienzaludica.it\/index.php\/wp-json\/wp\/v2\/pages\/518\/revisions\/529"}],"wp:featuredmedia":[{"embeddable":true,"href":"https:\/\/www.scienzaludica.it\/index.php\/wp-json\/wp\/v2\/media\/520"}],"wp:attachment":[{"href":"https:\/\/www.scienzaludica.it\/index.php\/wp-json\/wp\/v2\/media?parent=518"}],"curies":[{"name":"wp","href":"https:\/\/api.w.org\/{rel}","templated":true}]}}