{"id":200,"date":"2025-12-08T19:52:03","date_gmt":"2025-12-08T18:52:03","guid":{"rendered":"https:\/\/www.scienzaludica.ibe.cnr.it\/?page_id=200"},"modified":"2025-12-20T18:56:48","modified_gmt":"2025-12-20T17:56:48","slug":"afm-lego","status":"publish","type":"page","link":"https:\/\/www.scienzaludica.it\/index.php\/afm-lego\/","title":{"rendered":"AFM-Lego"},"content":{"rendered":"\n<p>Questo modello, realizzato con i pezzi Lego, riproduce il principio di funzionamento di un&nbsp;<strong>microscopio a Forza Atomica<\/strong>.&nbsp;In esso l&#8217;estremit\u00e0 di una sonda esplora la superficie del campione da esaminare e ogni piccolo movimento della punta \u00e8 misurato tramite un semplice sistema ottico.&nbsp;Il fascio di un diodo laser colpisce la parte riflettente della sonda e prosegue fino ad arrivare su un fotorivelatore a quadranti.&nbsp;<\/p>\n\n\n\n<p>L&#8217;NXT controlla i movimenti dei due motori che spostano opportunamente il campione in modo da esplorare un&#8217;area di circa 7x 7 mm.<br>Durante la scansione ogni piccolo movimento verticale della punta \u00e8 trasformato in un segnale elettrico che l&#8217;NXT invia al PC dove si forma un&#8217;immagine tridimensionale del campione. <\/p>\n\n\n\n<p class=\"has-text-align-center\">Guarda il <a href=\"https:\/\/www.youtube.com\/watch?v=SYfMPqKw6vg\" target=\"_blank\" rel=\"noreferrer noopener\">video su Youtube<\/a><\/p>\n\n\n\n<figure class=\"wp-block-image aligncenter size-full\"><a href=\"https:\/\/www.scienzaludica.it\/wp-content\/uploads\/2025\/12\/AFM-Lego.jpg\" target=\"_blank\" rel=\" noreferrer noopener\"><img loading=\"lazy\" decoding=\"async\" width=\"360\" height=\"360\" src=\"https:\/\/www.scienzaludica.it\/wp-content\/uploads\/2025\/12\/AFM-Lego.jpg\" alt=\"\" class=\"wp-image-202\" srcset=\"https:\/\/www.scienzaludica.it\/wp-content\/uploads\/2025\/12\/AFM-Lego.jpg 360w, https:\/\/www.scienzaludica.it\/wp-content\/uploads\/2025\/12\/AFM-Lego-300x300.jpg 300w, https:\/\/www.scienzaludica.it\/wp-content\/uploads\/2025\/12\/AFM-Lego-150x150.jpg 150w\" sizes=\"auto, (max-width: 360px) 100vw, 360px\" \/><\/a><\/figure>\n\n\n\n<p>Una app Android controlla l&#8217;AFM-Lego, permettendo di impostare area di scansione, risoluzione e velocit\u00e0. Le immagini ottenute dal microscopio vengono mostrate sullo schermo del tablet. Scarica l&#8217;app <a href=\"https:\/\/www.dropbox.com\/scl\/fi\/rjxp4jvgcmiviy05z3a1x\/LegoAFM-Software.zip?rlkey=2phrhavl55qilxmn73bmn8ml1&amp;dl=0\">AndroidAFM<\/a>\u00a0(di Alice Cavaliere)  <\/p>\n\n\n\n<p><strong>Come funziona un vero microscopio AFM.<\/strong><\/p>\n\n\n\n<p>Nella microscopia a forza atomica (indicata dalla sigla AFM Atomic Force Microscopy) si rivelano le deboli forze di interazione tra l&#8217;estremit\u00e0 di una sonda e la superficie del campione da esaminare.<br>Il sensore di forza \u00e8 una levetta (cantilever) molto sottile e flessibile alla cui estremit\u00e0 \u00e8 realizzata una punta. Generalmente ha una forma rettangolare con lunghezza di circa 100 \u00b5m e larghezza 30 \u00b5m circa, il suo spessore \u00e8 tipicamente inferiore ad 1 \u00b5m. Un sottile fascio di luce da un diodo laser colpisce il dorso della levetta e si riflette in direzione di un fotorivelatore a quadranti. Se la sonda viene avvicinata al campione la punta risente delle forze d&#8217;interazione con la superficie del campione da esaminare e la levetta si flette. Ogni minima deviazione del fascio riflesso, causata da una variazione d&#8217;inclinazione della levetta, \u00e8 trasformata in un segnale elettrico proporzionale alla forza che in quel momento agisce sulla punta.<\/p>\n\n\n\n<p>Un attuatore, di solito un movimentatore piezoelettrico, sposta la sonda sulla superficie del campione secondo una matrice di punti in modo da esplorare tutta la zona da esaminare.<br>Contemporaneamente una retroazione interviene per muovere in altezza la sonda, in modo da mantenere sempre uguale la forza che la sonda esercita sul campione. Per rispettare questa condizione la sonda deve continuamente cambiare la posizione verticale seguendo esattamente il profilo della superficie. In questo modo si esplora il campione secondo una griglia di punti e si ottiene in ciascuno di essi una misura d&#8217;altezza. Ricostruendo opportunamente i dati si ricava una &#8220;immagine&#8221; (mappa) topografica della superficie che solitamente \u00e8 visualizzata secondo una convenzione di colori (zone basse scure, zone alte chiare).<br>Il funzionamento del microscopio \u00e8 guidato da un&#8217;elettronica di controllo, che effettua la retroazione ed \u00e8 interfacciata ad un computer. L&#8217;utilizzatore pilota tutto il sistema attraverso un software dedicato.<\/p>\n\n\n\n<figure class=\"wp-block-image size-large\"><img loading=\"lazy\" decoding=\"async\" width=\"1024\" height=\"831\" src=\"https:\/\/www.scienzaludica.it\/wp-content\/uploads\/2025\/12\/OBDM-schematics-1-1024x831.jpg\" alt=\"\" class=\"wp-image-204\" srcset=\"https:\/\/www.scienzaludica.it\/wp-content\/uploads\/2025\/12\/OBDM-schematics-1-1024x831.jpg 1024w, https:\/\/www.scienzaludica.it\/wp-content\/uploads\/2025\/12\/OBDM-schematics-1-300x244.jpg 300w, https:\/\/www.scienzaludica.it\/wp-content\/uploads\/2025\/12\/OBDM-schematics-1-768x624.jpg 768w, https:\/\/www.scienzaludica.it\/wp-content\/uploads\/2025\/12\/OBDM-schematics-1.jpg 1133w\" sizes=\"auto, (max-width: 1024px) 100vw, 1024px\" \/><\/figure>\n\n\n\n<p>Con un microscopio AFM si possono osservare dettagli di un campione fino a pochi nanometri di larghezza con una risoluzione verticale inferiore al nanometro.<br>Il principio di funzionamento descritto sopra si riferisce al microscopio AFM utilizzato in modalit\u00e0 &#8220;contatto&#8221; che \u00e8 stata la prima e pi\u00f9 comune tecnica utilizzata. Negli strumenti attuali vengono sfruttate altre modalit\u00e0 di funzionamento dello strumento nelle quali cambia il tipo di interazione tra sonda e campione. Tra queste va citata la modalit\u00e0 &#8220;dinamica&#8221; nella quale viene fatta oscillare la levetta alla sua frequenza di risonanza (tipicamente 100-200 Khz) e il controllo della distanza sonda-superficie \u00e8 basato sulla ampiezza della oscillazione. Questa modalit\u00e0 \u00e8 spesso utilizzata per campioni biologico come cellule, batteri, proteine o DNA e in generale per superfici non molto dure come polimeri o fibre naturali.<\/p>\n\n\n\n<p><\/p>\n\n\n\n<p><\/p>\n","protected":false},"excerpt":{"rendered":"<p>Questo modello, realizzato con i pezzi Lego, riproduce il principio di funzionamento di un&nbsp;microscopio a Forza Atomica.&nbsp;In esso l&#8217;estremit\u00e0 di una sonda esplora la superficie del campione da esaminare e ogni piccolo movimento della punta \u00e8 misurato tramite un semplice sistema ottico.&nbsp;Il fascio di un diodo laser colpisce la parte riflettente della sonda e prosegue [&hellip;]<\/p>\n","protected":false},"author":3,"featured_media":201,"parent":0,"menu_order":0,"comment_status":"closed","ping_status":"closed","template":"","meta":{"footnotes":""},"class_list":["post-200","page","type-page","status-publish","has-post-thumbnail","hentry"],"_links":{"self":[{"href":"https:\/\/www.scienzaludica.it\/index.php\/wp-json\/wp\/v2\/pages\/200","targetHints":{"allow":["GET"]}}],"collection":[{"href":"https:\/\/www.scienzaludica.it\/index.php\/wp-json\/wp\/v2\/pages"}],"about":[{"href":"https:\/\/www.scienzaludica.it\/index.php\/wp-json\/wp\/v2\/types\/page"}],"author":[{"embeddable":true,"href":"https:\/\/www.scienzaludica.it\/index.php\/wp-json\/wp\/v2\/users\/3"}],"replies":[{"embeddable":true,"href":"https:\/\/www.scienzaludica.it\/index.php\/wp-json\/wp\/v2\/comments?post=200"}],"version-history":[{"count":7,"href":"https:\/\/www.scienzaludica.it\/index.php\/wp-json\/wp\/v2\/pages\/200\/revisions"}],"predecessor-version":[{"id":484,"href":"https:\/\/www.scienzaludica.it\/index.php\/wp-json\/wp\/v2\/pages\/200\/revisions\/484"}],"wp:featuredmedia":[{"embeddable":true,"href":"https:\/\/www.scienzaludica.it\/index.php\/wp-json\/wp\/v2\/media\/201"}],"wp:attachment":[{"href":"https:\/\/www.scienzaludica.it\/index.php\/wp-json\/wp\/v2\/media?parent=200"}],"curies":[{"name":"wp","href":"https:\/\/api.w.org\/{rel}","templated":true}]}}