{"id":196,"date":"2025-12-18T11:43:00","date_gmt":"2025-12-18T10:43:00","guid":{"rendered":"https:\/\/www.scienzaludica.ibe.cnr.it\/?page_id=196"},"modified":"2025-12-18T14:30:37","modified_gmt":"2025-12-18T13:30:37","slug":"ray-light","status":"publish","type":"page","link":"https:\/\/www.scienzaludica.it\/index.php\/ray-light\/","title":{"rendered":"Ray-Light"},"content":{"rendered":"\n<p>Si pensi alla luce che attraversa una lente come ad un&#8217;auto che, procedendo a velocit\u00e0 costante sull&#8217;asfalto, incontra una zona con della sabbia. La ruota che per prima tocca la sabbia, si trover\u00e0 a muoversi su una superficie a maggiore attrito e pertanto quel lato della macchina inizier\u00e0 a procedere pi\u00f9 lentamente dell&#8217;altro in cui la ruota \u00e8 ancora sull&#8217;asfalto. L&#8217;effetto netto dello sbilanciamento di velocit\u00e0 tra le ruote sar\u00e0 che la macchina curver\u00e0 in corrispondenza del passaggio da asfalto a sabbia. Lo stesso accade alla luce che attraversa l&#8217;interfaccia tra due materiali differenti (aria e vetro, nel caso della lente): la velocit\u00e0 della luce \u00e8 diversa in mezzi con diverso indice di rifrazione. Questo semplice ma fondamentale concetto, alla base di tutta l&#8217;ottica geometrica, pu\u00f2 essere mostrato in laboratorio utilizzando, invece di una ingombrante banco ottico, un piccolo robot costruito con i pezzi LEGO\u00ae&nbsp;e pilotato da un controller NXT della linea LEGO Mindstorm\u00ae.<\/p>\n\n\n\n<figure class=\"wp-block-image size-large\"><img loading=\"lazy\" decoding=\"async\" width=\"1024\" height=\"227\" src=\"https:\/\/www.scienzaludica.it\/wp-content\/uploads\/2025\/12\/movie_c-1024x227.png\" alt=\"\" class=\"wp-image-464\" srcset=\"https:\/\/www.scienzaludica.it\/wp-content\/uploads\/2025\/12\/movie_c-1024x227.png 1024w, https:\/\/www.scienzaludica.it\/wp-content\/uploads\/2025\/12\/movie_c-300x66.png 300w, https:\/\/www.scienzaludica.it\/wp-content\/uploads\/2025\/12\/movie_c-768x170.png 768w, https:\/\/www.scienzaludica.it\/wp-content\/uploads\/2025\/12\/movie_c-1536x340.png 1536w, https:\/\/www.scienzaludica.it\/wp-content\/uploads\/2025\/12\/movie_c-2048x453.png 2048w\" sizes=\"auto, (max-width: 1024px) 100vw, 1024px\" \/><\/figure>\n\n\n\n<p>Il <strong>RayLight<\/strong> \u00e8 stato presentato al Festival della Scienza di Genova 2010 nell&#8217;ambito del laboratorio per le scuole &#8220;Guardare oltre il visibile&#8221;.&nbsp;<\/p>\n\n\n\n<p>L&#8217;idea realizzativa alla base di questo semplice esperimento \u00e8 stata oggetto di una\u00a0attivit\u00e0 di laboratorio\u00a0del Dipartimento di Ingegneria dell&#8217;Informazione presso l&#8217;Universit\u00e0 di Firenze.\u00a0<\/p>\n\n\n\n<p>Qui potete trovare le\u00a0istruzioni\u00a0di montaggio per costruire il RayLight (versione NXT).\u00a0<\/p>\n\n\n\n<p><strong>Pubblicazioni <\/strong><\/p>\n\n\n\n<p>\u00a0Presentazione di Raylight al congresso DIDAMATICA2013 ( estratto atti del convegno\u00a0<a href=\"https:\/\/www.scienzaludica.it\/wp-content\/uploads\/2025\/12\/2013AttiDIDAMATICA-Contributo.pdf\" target=\"_blank\" rel=\"noreferrer noopener\">scarica .pdf 1084 kB<\/a>\u00a0)<\/p>\n\n\n\n<p><a href=\"https:\/\/iopscience.iop.org\/article\/10.1088\/1361-6552\/ab3e25\/pdf\" target=\"_blank\" rel=\"noreferrer noopener\">Optical refraction with a toy robot<\/a><br>B Tiribilli, M Basso, F Quercioli, M Vassalli<br>Physics Education 54 (6), 065013<br>DOI 10.1088\/1361-6552\/ab3e25<\/p>\n\n\n\n<figure class=\"wp-block-image size-large\"><img loading=\"lazy\" decoding=\"async\" width=\"1024\" height=\"1024\" src=\"https:\/\/www.scienzaludica.it\/wp-content\/uploads\/2025\/12\/RayLight-03-1024x1024.jpg\" alt=\"\" class=\"wp-image-460\" srcset=\"https:\/\/www.scienzaludica.it\/wp-content\/uploads\/2025\/12\/RayLight-03-1024x1024.jpg 1024w, https:\/\/www.scienzaludica.it\/wp-content\/uploads\/2025\/12\/RayLight-03-300x300.jpg 300w, https:\/\/www.scienzaludica.it\/wp-content\/uploads\/2025\/12\/RayLight-03-150x150.jpg 150w, https:\/\/www.scienzaludica.it\/wp-content\/uploads\/2025\/12\/RayLight-03-768x768.jpg 768w, https:\/\/www.scienzaludica.it\/wp-content\/uploads\/2025\/12\/RayLight-03-1536x1536.jpg 1536w, https:\/\/www.scienzaludica.it\/wp-content\/uploads\/2025\/12\/RayLight-03-2048x2048.jpg 2048w\" sizes=\"auto, (max-width: 1024px) 100vw, 1024px\" \/><\/figure>\n\n\n\n<div style=\"height:100px\" aria-hidden=\"true\" class=\"wp-block-spacer\"><\/div>\n","protected":false},"excerpt":{"rendered":"<p>Si pensi alla luce che attraversa una lente come ad un&#8217;auto che, procedendo a velocit\u00e0 costante sull&#8217;asfalto, incontra una zona con della sabbia. La ruota che per prima tocca la sabbia, si trover\u00e0 a muoversi su una superficie a maggiore attrito e pertanto quel lato della macchina inizier\u00e0 a procedere pi\u00f9 lentamente dell&#8217;altro in cui [&hellip;]<\/p>\n","protected":false},"author":3,"featured_media":459,"parent":0,"menu_order":0,"comment_status":"closed","ping_status":"closed","template":"","meta":{"footnotes":""},"class_list":["post-196","page","type-page","status-publish","has-post-thumbnail","hentry"],"_links":{"self":[{"href":"https:\/\/www.scienzaludica.it\/index.php\/wp-json\/wp\/v2\/pages\/196","targetHints":{"allow":["GET"]}}],"collection":[{"href":"https:\/\/www.scienzaludica.it\/index.php\/wp-json\/wp\/v2\/pages"}],"about":[{"href":"https:\/\/www.scienzaludica.it\/index.php\/wp-json\/wp\/v2\/types\/page"}],"author":[{"embeddable":true,"href":"https:\/\/www.scienzaludica.it\/index.php\/wp-json\/wp\/v2\/users\/3"}],"replies":[{"embeddable":true,"href":"https:\/\/www.scienzaludica.it\/index.php\/wp-json\/wp\/v2\/comments?post=196"}],"version-history":[{"count":6,"href":"https:\/\/www.scienzaludica.it\/index.php\/wp-json\/wp\/v2\/pages\/196\/revisions"}],"predecessor-version":[{"id":469,"href":"https:\/\/www.scienzaludica.it\/index.php\/wp-json\/wp\/v2\/pages\/196\/revisions\/469"}],"wp:featuredmedia":[{"embeddable":true,"href":"https:\/\/www.scienzaludica.it\/index.php\/wp-json\/wp\/v2\/media\/459"}],"wp:attachment":[{"href":"https:\/\/www.scienzaludica.it\/index.php\/wp-json\/wp\/v2\/media?parent=196"}],"curies":[{"name":"wp","href":"https:\/\/api.w.org\/{rel}","templated":true}]}}