{"id":103,"date":"2025-12-04T18:52:39","date_gmt":"2025-12-04T17:52:39","guid":{"rendered":"https:\/\/www.scienzaludica.ibe.cnr.it\/?page_id=103"},"modified":"2026-04-15T16:34:57","modified_gmt":"2026-04-15T14:34:57","slug":"home","status":"publish","type":"page","link":"https:\/\/www.scienzaludica.it\/","title":{"rendered":"ScienzaLudica"},"content":{"rendered":"\n<figure class=\"wp-block-gallery has-nested-images columns-default is-cropped wp-block-gallery-1 is-layout-flex wp-block-gallery-is-layout-flex\">\n<figure class=\"wp-block-image size-large\"><img loading=\"lazy\" decoding=\"async\" width=\"484\" height=\"652\" data-id=\"48\" src=\"https:\/\/www.scienzaludica.it\/wp-content\/uploads\/2025\/11\/marrone-1.png\" alt=\"\" class=\"wp-image-48\" srcset=\"https:\/\/www.scienzaludica.it\/wp-content\/uploads\/2025\/11\/marrone-1.png 484w, https:\/\/www.scienzaludica.it\/wp-content\/uploads\/2025\/11\/marrone-1-223x300.png 223w\" sizes=\"auto, (max-width: 484px) 100vw, 484px\" \/><\/figure>\n\n\n\n<figure class=\"wp-block-image size-large\"><img loading=\"lazy\" decoding=\"async\" width=\"146\" height=\"202\" data-id=\"47\" src=\"https:\/\/www.scienzaludica.it\/wp-content\/uploads\/2025\/11\/galileo-2.jpg\" alt=\"\" class=\"wp-image-47\"\/><\/figure>\n\n\n\n<figure class=\"wp-block-image size-large\"><img loading=\"lazy\" decoding=\"async\" width=\"220\" height=\"230\" data-id=\"46\" src=\"https:\/\/www.scienzaludica.it\/wp-content\/uploads\/2025\/11\/lego_vitruviano-1.jpg\" alt=\"\" class=\"wp-image-46\"\/><\/figure>\n<\/figure>\n\n\n\n<p class=\"has-large-font-size\"><strong>915.103.765<\/strong> \u00e8 il numero dei possibili modi di combinare sei dei classici mattoncini!&#8230;<\/p>\n\n\n\n<p>Questa affermazione che si legge nel sito internet della LEGO \u00e8 emblematica delle potenzialit\u00e0 di questo sistema di costruzioni. <\/p>\n\n\n\n<p>Sono ormai pi\u00f9 di venti anni che, con alterne vicende, quando gli impegni di ricerca ce lo permettono, &#8220;giochiamo&#8221; con il LEGO per escogitare nuovi esperimenti di fisica, ma anche di chimica, allo scopo di invogliare studenti di ogni ordine e grado ed appassionati ad avvicinarsi al mondo della scienza in modo divertente. <\/p>\n\n\n\n<p>In questi anni questa nostra attivit\u00e0 ha ricevuto apprezzamenti anche a livello internazionale guadagnandosi la copertina di riviste scientifiche ed addirittura articoli su quotidiani internazionali. <\/p>\n\n\n\n<p>Grazie ai contributi finanziari concessi del MIUR \u00e8 adesso disponibile questo sito internet dedicato alla diffusione della cultura scientifica e tecnica attraverso il gioco.<\/p>\n","protected":false},"excerpt":{"rendered":"<p>915.103.765 \u00e8 il numero dei possibili modi di combinare sei dei classici mattoncini!&#8230; Questa affermazione che si legge nel sito internet della LEGO \u00e8 emblematica delle potenzialit\u00e0 di questo sistema di costruzioni. Sono ormai pi\u00f9 di venti anni che, con alterne vicende, quando gli impegni di ricerca ce lo permettono, &#8220;giochiamo&#8221; con il LEGO per [&hellip;]<\/p>\n","protected":false},"author":2,"featured_media":0,"parent":0,"menu_order":0,"comment_status":"closed","ping_status":"closed","template":"","meta":{"footnotes":""},"class_list":["post-103","page","type-page","status-publish","hentry"],"_links":{"self":[{"href":"https:\/\/www.scienzaludica.it\/index.php\/wp-json\/wp\/v2\/pages\/103","targetHints":{"allow":["GET"]}}],"collection":[{"href":"https:\/\/www.scienzaludica.it\/index.php\/wp-json\/wp\/v2\/pages"}],"about":[{"href":"https:\/\/www.scienzaludica.it\/index.php\/wp-json\/wp\/v2\/types\/page"}],"author":[{"embeddable":true,"href":"https:\/\/www.scienzaludica.it\/index.php\/wp-json\/wp\/v2\/users\/2"}],"replies":[{"embeddable":true,"href":"https:\/\/www.scienzaludica.it\/index.php\/wp-json\/wp\/v2\/comments?post=103"}],"version-history":[{"count":4,"href":"https:\/\/www.scienzaludica.it\/index.php\/wp-json\/wp\/v2\/pages\/103\/revisions"}],"predecessor-version":[{"id":908,"href":"https:\/\/www.scienzaludica.it\/index.php\/wp-json\/wp\/v2\/pages\/103\/revisions\/908"}],"wp:attachment":[{"href":"https:\/\/www.scienzaludica.it\/index.php\/wp-json\/wp\/v2\/media?parent=103"}],"curies":[{"name":"wp","href":"https:\/\/api.w.org\/{rel}","templated":true}]}}